{"id":18,"date":"2017-11-24T11:30:37","date_gmt":"2017-11-24T10:30:37","guid":{"rendered":"https:\/\/www.mein-hundehof.de\/?page_id=18"},"modified":"2017-12-07T11:35:22","modified_gmt":"2017-12-07T10:35:22","slug":"der-hof","status":"publish","type":"page","link":"https:\/\/www.mein-hundehof.de\/index.php\/der-hof\/","title":{"rendered":"Der Hof"},"content":{"rendered":"<p><img loading=\"lazy\" decoding=\"async\" class=\"wp-image-61 aligncenter\" src=\"https:\/\/www.mein-hundehof.de\/wp-content\/uploads\/2016\/03\/Stra\u00dfenansicht-300x225.jpg\" alt=\"SAMSUNG CAMERA PICTURES\" width=\"449\" height=\"337\" srcset=\"https:\/\/www.mein-hundehof.de\/wp-content\/uploads\/2016\/03\/Stra\u00dfenansicht-300x225.jpg 300w, https:\/\/www.mein-hundehof.de\/wp-content\/uploads\/2016\/03\/Stra\u00dfenansicht.jpg 600w\" sizes=\"auto, (max-width: 449px) 85vw, 449px\" \/><\/p>\n<p style=\"text-align: justify;\" align=\"LEFT\">Lieb\u00e4tz <a href=\"https:\/\/www.mein-hundehof.de\/index.php\/lage\/\" target=\"_blank\" rel=\"noopener\">(Karte)<\/a> ist ein Rundlingsdorf 35 km s\u00fcdlich von Berlin in der N\u00e4he von Luckenwalde. Der Ort geh\u00f6rt zur Gemeinde Nuthe-Urstromtal und ist \u00fcber die Bundesstra\u00dfe 101 bequem zu erreichen. Dank des umgebenden Naturparks Nuthe-Nieplitz gibt es dennoch keinen Durchgangsverkehr, daf\u00fcr umso mehr W\u00e4lder und Wiesen in der unmittelbaren Umgebung.<\/p>\n<p style=\"text-align: center;\" align=\"LEFT\">*<\/p>\n<p style=\"text-align: center;\" align=\"LEFT\"><img loading=\"lazy\" decoding=\"async\" class=\"alignnone wp-image-115\" src=\"https:\/\/www.mein-hundehof.de\/wp-content\/uploads\/2016\/03\/Hof-von-oben-300x188.jpg\" alt=\"Hof von oben\" width=\"444\" height=\"279\" srcset=\"https:\/\/www.mein-hundehof.de\/wp-content\/uploads\/2016\/03\/Hof-von-oben-300x188.jpg 300w, https:\/\/www.mein-hundehof.de\/wp-content\/uploads\/2016\/03\/Hof-von-oben.jpg 600w\" sizes=\"auto, (max-width: 444px) 85vw, 444px\" \/><\/p>\n<p style=\"text-align: justify;\" align=\"LEFT\">Unser Hunde-Hof umfasst ein Grundst\u00fcck vom knapp 6000 m\u00b2 Fl\u00e4che. Ein Drittel davon ist ein in sich geschlossener Vierseithof, also ausbruchssicher \ud83d\ude09 Dem schlie\u00dfen sich Obstwiesen und ein kleiner Teich an, den unser Hund Larry an hei\u00dfen Sommertagen sehr genie\u00dft. Beim Toben auf den Wiesen freut er sich stets \u00fcber alte und neue Kumpane, die ein wenig Abwechslung in das doch sonst arg geruhsame Dorfleben bringen.<\/p>\n<p style=\"text-align: justify;\" align=\"LEFT\"><img loading=\"lazy\" decoding=\"async\" class=\"wp-image-60 aligncenter\" src=\"https:\/\/www.mein-hundehof.de\/wp-content\/uploads\/2016\/03\/Schwimmen2-300x200.jpg\" alt=\"Schwimmen2\" width=\"450\" height=\"300\" srcset=\"https:\/\/www.mein-hundehof.de\/wp-content\/uploads\/2016\/03\/Schwimmen2-300x200.jpg 300w, https:\/\/www.mein-hundehof.de\/wp-content\/uploads\/2016\/03\/Schwimmen2.jpg 600w\" sizes=\"auto, (max-width: 450px) 85vw, 450px\" \/><\/p>\n<p style=\"text-align: center;\" align=\"LEFT\">*<\/p>\n<p><img loading=\"lazy\" decoding=\"async\" class=\"wp-image-70 aligncenter\" src=\"https:\/\/www.mein-hundehof.de\/wp-content\/uploads\/2016\/03\/Cosmo-Fernseher-u.-Kamin-300x200.jpg\" alt=\"Cosmo Fernseher u. Kamin\" width=\"450\" height=\"300\" srcset=\"https:\/\/www.mein-hundehof.de\/wp-content\/uploads\/2016\/03\/Cosmo-Fernseher-u.-Kamin-300x200.jpg 300w, https:\/\/www.mein-hundehof.de\/wp-content\/uploads\/2016\/03\/Cosmo-Fernseher-u.-Kamin.jpg 600w\" sizes=\"auto, (max-width: 450px) 85vw, 450px\" \/><\/p>\n<p style=\"text-align: justify;\" align=\"LEFT\">Unser Haus verf\u00fcgt \u00fcber\u00a0sehr gro\u00dfz\u00fcgige Wohnfl\u00e4chen. Je nach Wetter und eigener Vorliebe k\u00f6nnen unsere vierbeinigen G\u00e4ste sich entweder drinnen aufhalten oder den Innenhof genie\u00dfen, sofern wir uns nicht im Garten bewegen oder einen gemeinsamen Spaziergang unternehmen. Zwinger lehnen wir ab, und sogenannte \u201eHundezimmer\u201c brauchen wir nicht. Unsere G\u00e4ste genie\u00dfen konsequenten Anschluss an die Familie.<\/p>\n<p style=\"text-align: center;\" align=\"LEFT\">*<\/p>\n<p><img loading=\"lazy\" decoding=\"async\" class=\"wp-image-301 aligncenter\" src=\"https:\/\/www.mein-hundehof.de\/wp-content\/uploads\/2017\/10\/Bohani7-300x198.jpg\" alt=\"\" width=\"697\" height=\"460\" srcset=\"https:\/\/www.mein-hundehof.de\/wp-content\/uploads\/2017\/10\/Bohani7-300x198.jpg 300w, https:\/\/www.mein-hundehof.de\/wp-content\/uploads\/2017\/10\/Bohani7-768x507.jpg 768w, https:\/\/www.mein-hundehof.de\/wp-content\/uploads\/2017\/10\/Bohani7-1024x676.jpg 1024w, https:\/\/www.mein-hundehof.de\/wp-content\/uploads\/2017\/10\/Bohani7.jpg 1199w\" sizes=\"auto, (max-width: 697px) 85vw, 697px\" \/><\/p>\n<p>&nbsp;<\/p>\n","protected":false},"excerpt":{"rendered":"<p>Lieb\u00e4tz (Karte) ist ein Rundlingsdorf 35 km s\u00fcdlich von Berlin in der N\u00e4he von Luckenwalde. Der Ort geh\u00f6rt zur Gemeinde Nuthe-Urstromtal und ist \u00fcber die Bundesstra\u00dfe 101 bequem zu erreichen. Dank des umgebenden Naturparks Nuthe-Nieplitz gibt es dennoch keinen Durchgangsverkehr, daf\u00fcr umso mehr W\u00e4lder und Wiesen in der unmittelbaren Umgebung. * Unser Hunde-Hof umfasst ein &hellip; <a href=\"https:\/\/www.mein-hundehof.de\/index.php\/der-hof\/\" class=\"more-link\"><span class=\"screen-reader-text\">\u201eDer Hof\u201c<\/span> weiterlesen<\/a><\/p>\n","protected":false},"author":1,"featured_media":0,"parent":0,"menu_order":0,"comment_status":"closed","ping_status":"closed","template":"","meta":{"footnotes":""},"class_list":["post-18","page","type-page","status-publish","hentry"],"yoast_head":"<!-- This site is optimized with the Yoast SEO plugin v26.2 - https:\/\/yoast.com\/wordpress\/plugins\/seo\/ -->\n<title>Der Hof - Hunde-Hof Wald &amp; Wiese<\/title>\n<meta name=\"robots\" content=\"index, follow, max-snippet:-1, max-image-preview:large, max-video-preview:-1\" \/>\n<link rel=\"canonical\" href=\"https:\/\/www.mein-hundehof.de\/index.php\/der-hof\/\" \/>\n<meta property=\"og:locale\" content=\"de_DE\" \/>\n<meta property=\"og:type\" content=\"article\" \/>\n<meta property=\"og:title\" content=\"Der Hof - Hunde-Hof Wald &amp; Wiese\" \/>\n<meta property=\"og:description\" content=\"Lieb\u00e4tz (Karte) ist ein Rundlingsdorf 35 km s\u00fcdlich von Berlin in der N\u00e4he von Luckenwalde. Der Ort geh\u00f6rt zur Gemeinde Nuthe-Urstromtal und ist \u00fcber die Bundesstra\u00dfe 101 bequem zu erreichen. Dank des umgebenden Naturparks Nuthe-Nieplitz gibt es dennoch keinen Durchgangsverkehr, daf\u00fcr umso mehr W\u00e4lder und Wiesen in der unmittelbaren Umgebung. * Unser Hunde-Hof umfasst ein &hellip; \u201eDer Hof\u201c weiterlesen\" \/>\n<meta property=\"og:url\" content=\"https:\/\/www.mein-hundehof.de\/index.php\/der-hof\/\" \/>\n<meta property=\"og:site_name\" content=\"Hunde-Hof Wald &amp; Wiese\" \/>\n<meta property=\"article:publisher\" content=\"https:\/\/www.facebook.com\/Hundehof14947\/\" \/>\n<meta property=\"article:modified_time\" content=\"2017-12-07T10:35:22+00:00\" \/>\n<meta property=\"og:image\" content=\"https:\/\/www.mein-hundehof.de\/wp-content\/uploads\/2016\/03\/Stra\u00dfenansicht-300x225.jpg\" \/>\n<meta name=\"twitter:card\" content=\"summary_large_image\" \/>\n<meta name=\"twitter:label1\" content=\"Gesch\u00e4tzte Lesezeit\" \/>\n\t<meta name=\"twitter:data1\" content=\"1\u00a0Minute\" \/>\n<script type=\"application\/ld+json\" class=\"yoast-schema-graph\">{\"@context\":\"https:\/\/schema.org\",\"@graph\":[{\"@type\":\"WebPage\",\"@id\":\"https:\/\/www.mein-hundehof.de\/index.php\/der-hof\/\",\"url\":\"https:\/\/www.mein-hundehof.de\/index.php\/der-hof\/\",\"name\":\"Der Hof - Hunde-Hof Wald &amp; Wiese\",\"isPartOf\":{\"@id\":\"https:\/\/www.mein-hundehof.de\/#website\"},\"primaryImageOfPage\":{\"@id\":\"https:\/\/www.mein-hundehof.de\/index.php\/der-hof\/#primaryimage\"},\"image\":{\"@id\":\"https:\/\/www.mein-hundehof.de\/index.php\/der-hof\/#primaryimage\"},\"thumbnailUrl\":\"https:\/\/www.mein-hundehof.de\/wp-content\/uploads\/2016\/03\/Hof-von-oben-300x188.jpg\",\"datePublished\":\"2017-11-24T10:30:37+00:00\",\"dateModified\":\"2017-12-07T10:35:22+00:00\",\"breadcrumb\":{\"@id\":\"https:\/\/www.mein-hundehof.de\/index.php\/der-hof\/#breadcrumb\"},\"inLanguage\":\"de\",\"potentialAction\":[{\"@type\":\"ReadAction\",\"target\":[\"https:\/\/www.mein-hundehof.de\/index.php\/der-hof\/\"]}]},{\"@type\":\"ImageObject\",\"inLanguage\":\"de\",\"@id\":\"https:\/\/www.mein-hundehof.de\/index.php\/der-hof\/#primaryimage\",\"url\":\"https:\/\/www.mein-hundehof.de\/wp-content\/uploads\/2016\/03\/Hof-von-oben.jpg\",\"contentUrl\":\"https:\/\/www.mein-hundehof.de\/wp-content\/uploads\/2016\/03\/Hof-von-oben.jpg\",\"width\":600,\"height\":375},{\"@type\":\"BreadcrumbList\",\"@id\":\"https:\/\/www.mein-hundehof.de\/index.php\/der-hof\/#breadcrumb\",\"itemListElement\":[{\"@type\":\"ListItem\",\"position\":1,\"name\":\"Startseite\",\"item\":\"https:\/\/www.mein-hundehof.de\/\"},{\"@type\":\"ListItem\",\"position\":2,\"name\":\"Der Hof\"}]},{\"@type\":\"WebSite\",\"@id\":\"https:\/\/www.mein-hundehof.de\/#website\",\"url\":\"https:\/\/www.mein-hundehof.de\/\",\"name\":\"Hunde-Hof Wald &amp; Wiese\",\"description\":\"Ihre Hundepension im s\u00fcdlichen Umland von Berlin\",\"publisher\":{\"@id\":\"https:\/\/www.mein-hundehof.de\/#organization\"},\"potentialAction\":[{\"@type\":\"SearchAction\",\"target\":{\"@type\":\"EntryPoint\",\"urlTemplate\":\"https:\/\/www.mein-hundehof.de\/?s={search_term_string}\"},\"query-input\":{\"@type\":\"PropertyValueSpecification\",\"valueRequired\":true,\"valueName\":\"search_term_string\"}}],\"inLanguage\":\"de\"},{\"@type\":\"Organization\",\"@id\":\"https:\/\/www.mein-hundehof.de\/#organization\",\"name\":\"Hundehof Wald & Wiese\",\"url\":\"https:\/\/www.mein-hundehof.de\/\",\"logo\":{\"@type\":\"ImageObject\",\"inLanguage\":\"de\",\"@id\":\"https:\/\/www.mein-hundehof.de\/#\/schema\/logo\/image\/\",\"url\":\"https:\/\/www.mein-hundehof.de\/wp-content\/uploads\/2016\/08\/Logo-300.jpg\",\"contentUrl\":\"https:\/\/www.mein-hundehof.de\/wp-content\/uploads\/2016\/08\/Logo-300.jpg\",\"width\":299,\"height\":271,\"caption\":\"Hundehof Wald & Wiese\"},\"image\":{\"@id\":\"https:\/\/www.mein-hundehof.de\/#\/schema\/logo\/image\/\"},\"sameAs\":[\"https:\/\/www.facebook.com\/Hundehof14947\/\"]}]}<\/script>\n<!-- \/ Yoast SEO plugin. -->","yoast_head_json":{"title":"Der Hof - Hunde-Hof Wald &amp; Wiese","robots":{"index":"index","follow":"follow","max-snippet":"max-snippet:-1","max-image-preview":"max-image-preview:large","max-video-preview":"max-video-preview:-1"},"canonical":"https:\/\/www.mein-hundehof.de\/index.php\/der-hof\/","og_locale":"de_DE","og_type":"article","og_title":"Der Hof - Hunde-Hof Wald &amp; Wiese","og_description":"Lieb\u00e4tz (Karte) ist ein Rundlingsdorf 35 km s\u00fcdlich von Berlin in der N\u00e4he von Luckenwalde. Der Ort geh\u00f6rt zur Gemeinde Nuthe-Urstromtal und ist \u00fcber die Bundesstra\u00dfe 101 bequem zu erreichen. Dank des umgebenden Naturparks Nuthe-Nieplitz gibt es dennoch keinen Durchgangsverkehr, daf\u00fcr umso mehr W\u00e4lder und Wiesen in der unmittelbaren Umgebung. * Unser Hunde-Hof umfasst ein &hellip; \u201eDer Hof\u201c weiterlesen","og_url":"https:\/\/www.mein-hundehof.de\/index.php\/der-hof\/","og_site_name":"Hunde-Hof Wald &amp; Wiese","article_publisher":"https:\/\/www.facebook.com\/Hundehof14947\/","article_modified_time":"2017-12-07T10:35:22+00:00","og_image":[{"url":"https:\/\/www.mein-hundehof.de\/wp-content\/uploads\/2016\/03\/Stra\u00dfenansicht-300x225.jpg","type":"","width":"","height":""}],"twitter_card":"summary_large_image","twitter_misc":{"Gesch\u00e4tzte Lesezeit":"1\u00a0Minute"},"schema":{"@context":"https:\/\/schema.org","@graph":[{"@type":"WebPage","@id":"https:\/\/www.mein-hundehof.de\/index.php\/der-hof\/","url":"https:\/\/www.mein-hundehof.de\/index.php\/der-hof\/","name":"Der Hof - Hunde-Hof Wald &amp; Wiese","isPartOf":{"@id":"https:\/\/www.mein-hundehof.de\/#website"},"primaryImageOfPage":{"@id":"https:\/\/www.mein-hundehof.de\/index.php\/der-hof\/#primaryimage"},"image":{"@id":"https:\/\/www.mein-hundehof.de\/index.php\/der-hof\/#primaryimage"},"thumbnailUrl":"https:\/\/www.mein-hundehof.de\/wp-content\/uploads\/2016\/03\/Hof-von-oben-300x188.jpg","datePublished":"2017-11-24T10:30:37+00:00","dateModified":"2017-12-07T10:35:22+00:00","breadcrumb":{"@id":"https:\/\/www.mein-hundehof.de\/index.php\/der-hof\/#breadcrumb"},"inLanguage":"de","potentialAction":[{"@type":"ReadAction","target":["https:\/\/www.mein-hundehof.de\/index.php\/der-hof\/"]}]},{"@type":"ImageObject","inLanguage":"de","@id":"https:\/\/www.mein-hundehof.de\/index.php\/der-hof\/#primaryimage","url":"https:\/\/www.mein-hundehof.de\/wp-content\/uploads\/2016\/03\/Hof-von-oben.jpg","contentUrl":"https:\/\/www.mein-hundehof.de\/wp-content\/uploads\/2016\/03\/Hof-von-oben.jpg","width":600,"height":375},{"@type":"BreadcrumbList","@id":"https:\/\/www.mein-hundehof.de\/index.php\/der-hof\/#breadcrumb","itemListElement":[{"@type":"ListItem","position":1,"name":"Startseite","item":"https:\/\/www.mein-hundehof.de\/"},{"@type":"ListItem","position":2,"name":"Der Hof"}]},{"@type":"WebSite","@id":"https:\/\/www.mein-hundehof.de\/#website","url":"https:\/\/www.mein-hundehof.de\/","name":"Hunde-Hof Wald &amp; Wiese","description":"Ihre Hundepension im s\u00fcdlichen Umland von Berlin","publisher":{"@id":"https:\/\/www.mein-hundehof.de\/#organization"},"potentialAction":[{"@type":"SearchAction","target":{"@type":"EntryPoint","urlTemplate":"https:\/\/www.mein-hundehof.de\/?s={search_term_string}"},"query-input":{"@type":"PropertyValueSpecification","valueRequired":true,"valueName":"search_term_string"}}],"inLanguage":"de"},{"@type":"Organization","@id":"https:\/\/www.mein-hundehof.de\/#organization","name":"Hundehof Wald & Wiese","url":"https:\/\/www.mein-hundehof.de\/","logo":{"@type":"ImageObject","inLanguage":"de","@id":"https:\/\/www.mein-hundehof.de\/#\/schema\/logo\/image\/","url":"https:\/\/www.mein-hundehof.de\/wp-content\/uploads\/2016\/08\/Logo-300.jpg","contentUrl":"https:\/\/www.mein-hundehof.de\/wp-content\/uploads\/2016\/08\/Logo-300.jpg","width":299,"height":271,"caption":"Hundehof Wald & Wiese"},"image":{"@id":"https:\/\/www.mein-hundehof.de\/#\/schema\/logo\/image\/"},"sameAs":["https:\/\/www.facebook.com\/Hundehof14947\/"]}]}},"_links":{"self":[{"href":"https:\/\/www.mein-hundehof.de\/index.php\/wp-json\/wp\/v2\/pages\/18","targetHints":{"allow":["GET"]}}],"collection":[{"href":"https:\/\/www.mein-hundehof.de\/index.php\/wp-json\/wp\/v2\/pages"}],"about":[{"href":"https:\/\/www.mein-hundehof.de\/index.php\/wp-json\/wp\/v2\/types\/page"}],"author":[{"embeddable":true,"href":"https:\/\/www.mein-hundehof.de\/index.php\/wp-json\/wp\/v2\/users\/1"}],"replies":[{"embeddable":true,"href":"https:\/\/www.mein-hundehof.de\/index.php\/wp-json\/wp\/v2\/comments?post=18"}],"version-history":[{"count":16,"href":"https:\/\/www.mein-hundehof.de\/index.php\/wp-json\/wp\/v2\/pages\/18\/revisions"}],"predecessor-version":[{"id":343,"href":"https:\/\/www.mein-hundehof.de\/index.php\/wp-json\/wp\/v2\/pages\/18\/revisions\/343"}],"wp:attachment":[{"href":"https:\/\/www.mein-hundehof.de\/index.php\/wp-json\/wp\/v2\/media?parent=18"}],"curies":[{"name":"wp","href":"https:\/\/api.w.org\/{rel}","templated":true}]}}