{"id":82,"date":"2016-03-24T19:22:53","date_gmt":"2016-03-24T18:22:53","guid":{"rendered":"https:\/\/www.mein-hundehof.de\/?page_id=82"},"modified":"2019-06-11T11:25:07","modified_gmt":"2019-06-11T09:25:07","slug":"lage","status":"publish","type":"page","link":"https:\/\/www.mein-hundehof.de\/index.php\/lage\/","title":{"rendered":"Lage"},"content":{"rendered":"<p style=\"text-align: justify;\">Lieb\u00e4tz ist ein Teil der Gemeinde Nuthe-Urstromtal. Das Dorf liegt zwischen Luckenwalde und Trebbin. Wenn Sie bis dahin gefunden haben, k\u00f6nnen Sie es nicht mehr verfehlen &#8211; der Ort hat etwa 80 Einwohner. Adresse f\u00fcr&#8217;s Navi: An der Kirche 17, 14947 Lieb\u00e4tz.<\/p>\n<p><iframe loading=\"lazy\" width=\"650\" height=\"300\" frameborder=\"0\" scrolling=\"no\" marginheight=\"0\" marginwidth=\"0\" src=\"https:\/\/www.openstreetmap.org\/export\/embed.html?bbox=12.643890380859377%2C51.97642166216334%2C13.754882812500002%2C52.317713741895695&amp;layer=mapnik&amp;marker=52.147394690476375%2C13.199386596679688\" style=\"border: 1px solid black\"><\/iframe><br \/><small><a href=\"https:\/\/www.openstreetmap.org\/?mlat=52.1474&amp;mlon=13.1994#map=10\/52.1474\/13.1994\"rel=\"noopener\" target=\"_blank\">Gr\u00f6\u00dfere Karte anzeigen<\/a><\/small><\/p>\n<p><img loading=\"lazy\" decoding=\"async\" class=\"alignnone wp-image-207\" src=\"https:\/\/www.mein-hundehof.de\/wp-content\/uploads\/2017\/02\/Eispanorama2-300x117.jpg\" alt=\"\" width=\"1059\" height=\"413\" srcset=\"https:\/\/www.mein-hundehof.de\/wp-content\/uploads\/2017\/02\/Eispanorama2-300x117.jpg 300w, https:\/\/www.mein-hundehof.de\/wp-content\/uploads\/2017\/02\/Eispanorama2-1024x398.jpg 1024w\" sizes=\"auto, (max-width: 709px) 85vw, (max-width: 909px) 67vw, (max-width: 1362px) 62vw, 840px\" \/><\/p>\n","protected":false},"excerpt":{"rendered":"<p>Lieb\u00e4tz ist ein Teil der Gemeinde Nuthe-Urstromtal. Das Dorf liegt zwischen Luckenwalde und Trebbin. Wenn Sie bis dahin gefunden haben, k\u00f6nnen Sie es nicht mehr verfehlen &#8211; der Ort hat etwa 80 Einwohner. Adresse f\u00fcr&#8217;s Navi: An der Kirche 17, 14947 Lieb\u00e4tz. Gr\u00f6\u00dfere Karte anzeigen<\/p>\n","protected":false},"author":1,"featured_media":0,"parent":0,"menu_order":0,"comment_status":"closed","ping_status":"closed","template":"","meta":{"footnotes":""},"class_list":["post-82","page","type-page","status-publish","hentry"],"yoast_head":"<!-- This site is optimized with the Yoast SEO plugin v26.2 - https:\/\/yoast.com\/wordpress\/plugins\/seo\/ -->\n<title>Lage - Hunde-Hof Wald &amp; Wiese<\/title>\n<meta name=\"robots\" content=\"index, follow, max-snippet:-1, max-image-preview:large, max-video-preview:-1\" \/>\n<link rel=\"canonical\" href=\"https:\/\/www.mein-hundehof.de\/index.php\/lage\/\" \/>\n<meta property=\"og:locale\" content=\"de_DE\" \/>\n<meta property=\"og:type\" content=\"article\" \/>\n<meta property=\"og:title\" content=\"Lage - Hunde-Hof Wald &amp; Wiese\" \/>\n<meta property=\"og:description\" content=\"Lieb\u00e4tz ist ein Teil der Gemeinde Nuthe-Urstromtal. Das Dorf liegt zwischen Luckenwalde und Trebbin. Wenn Sie bis dahin gefunden haben, k\u00f6nnen Sie es nicht mehr verfehlen &#8211; der Ort hat etwa 80 Einwohner. Adresse f\u00fcr&#8217;s Navi: An der Kirche 17, 14947 Lieb\u00e4tz. Gr\u00f6\u00dfere Karte anzeigen\" \/>\n<meta property=\"og:url\" content=\"https:\/\/www.mein-hundehof.de\/index.php\/lage\/\" \/>\n<meta property=\"og:site_name\" content=\"Hunde-Hof Wald &amp; Wiese\" \/>\n<meta property=\"article:publisher\" content=\"https:\/\/www.facebook.com\/Hundehof14947\/\" \/>\n<meta property=\"article:modified_time\" content=\"2019-06-11T09:25:07+00:00\" \/>\n<meta property=\"og:image\" content=\"https:\/\/www.mein-hundehof.de\/wp-content\/uploads\/2017\/02\/Eispanorama2-300x117.jpg\" \/>\n<meta name=\"twitter:card\" content=\"summary_large_image\" \/>\n<script type=\"application\/ld+json\" class=\"yoast-schema-graph\">{\"@context\":\"https:\/\/schema.org\",\"@graph\":[{\"@type\":\"WebPage\",\"@id\":\"https:\/\/www.mein-hundehof.de\/index.php\/lage\/\",\"url\":\"https:\/\/www.mein-hundehof.de\/index.php\/lage\/\",\"name\":\"Lage - Hunde-Hof Wald &amp; Wiese\",\"isPartOf\":{\"@id\":\"https:\/\/www.mein-hundehof.de\/#website\"},\"primaryImageOfPage\":{\"@id\":\"https:\/\/www.mein-hundehof.de\/index.php\/lage\/#primaryimage\"},\"image\":{\"@id\":\"https:\/\/www.mein-hundehof.de\/index.php\/lage\/#primaryimage\"},\"thumbnailUrl\":\"https:\/\/www.mein-hundehof.de\/wp-content\/uploads\/2017\/02\/Eispanorama2-300x117.jpg\",\"datePublished\":\"2016-03-24T18:22:53+00:00\",\"dateModified\":\"2019-06-11T09:25:07+00:00\",\"breadcrumb\":{\"@id\":\"https:\/\/www.mein-hundehof.de\/index.php\/lage\/#breadcrumb\"},\"inLanguage\":\"de\",\"potentialAction\":[{\"@type\":\"ReadAction\",\"target\":[\"https:\/\/www.mein-hundehof.de\/index.php\/lage\/\"]}]},{\"@type\":\"ImageObject\",\"inLanguage\":\"de\",\"@id\":\"https:\/\/www.mein-hundehof.de\/index.php\/lage\/#primaryimage\",\"url\":\"https:\/\/www.mein-hundehof.de\/wp-content\/uploads\/2017\/02\/Eispanorama2.jpg\",\"contentUrl\":\"https:\/\/www.mein-hundehof.de\/wp-content\/uploads\/2017\/02\/Eispanorama2.jpg\",\"width\":2400,\"height\":932},{\"@type\":\"BreadcrumbList\",\"@id\":\"https:\/\/www.mein-hundehof.de\/index.php\/lage\/#breadcrumb\",\"itemListElement\":[{\"@type\":\"ListItem\",\"position\":1,\"name\":\"Startseite\",\"item\":\"https:\/\/www.mein-hundehof.de\/\"},{\"@type\":\"ListItem\",\"position\":2,\"name\":\"Lage\"}]},{\"@type\":\"WebSite\",\"@id\":\"https:\/\/www.mein-hundehof.de\/#website\",\"url\":\"https:\/\/www.mein-hundehof.de\/\",\"name\":\"Hunde-Hof Wald &amp; Wiese\",\"description\":\"Ihre Hundepension im s\u00fcdlichen Umland von Berlin\",\"publisher\":{\"@id\":\"https:\/\/www.mein-hundehof.de\/#organization\"},\"potentialAction\":[{\"@type\":\"SearchAction\",\"target\":{\"@type\":\"EntryPoint\",\"urlTemplate\":\"https:\/\/www.mein-hundehof.de\/?s={search_term_string}\"},\"query-input\":{\"@type\":\"PropertyValueSpecification\",\"valueRequired\":true,\"valueName\":\"search_term_string\"}}],\"inLanguage\":\"de\"},{\"@type\":\"Organization\",\"@id\":\"https:\/\/www.mein-hundehof.de\/#organization\",\"name\":\"Hundehof Wald & Wiese\",\"url\":\"https:\/\/www.mein-hundehof.de\/\",\"logo\":{\"@type\":\"ImageObject\",\"inLanguage\":\"de\",\"@id\":\"https:\/\/www.mein-hundehof.de\/#\/schema\/logo\/image\/\",\"url\":\"https:\/\/www.mein-hundehof.de\/wp-content\/uploads\/2016\/08\/Logo-300.jpg\",\"contentUrl\":\"https:\/\/www.mein-hundehof.de\/wp-content\/uploads\/2016\/08\/Logo-300.jpg\",\"width\":299,\"height\":271,\"caption\":\"Hundehof Wald & Wiese\"},\"image\":{\"@id\":\"https:\/\/www.mein-hundehof.de\/#\/schema\/logo\/image\/\"},\"sameAs\":[\"https:\/\/www.facebook.com\/Hundehof14947\/\"]}]}<\/script>\n<!-- \/ Yoast SEO plugin. -->","yoast_head_json":{"title":"Lage - Hunde-Hof Wald &amp; Wiese","robots":{"index":"index","follow":"follow","max-snippet":"max-snippet:-1","max-image-preview":"max-image-preview:large","max-video-preview":"max-video-preview:-1"},"canonical":"https:\/\/www.mein-hundehof.de\/index.php\/lage\/","og_locale":"de_DE","og_type":"article","og_title":"Lage - Hunde-Hof Wald &amp; Wiese","og_description":"Lieb\u00e4tz ist ein Teil der Gemeinde Nuthe-Urstromtal. Das Dorf liegt zwischen Luckenwalde und Trebbin. Wenn Sie bis dahin gefunden haben, k\u00f6nnen Sie es nicht mehr verfehlen &#8211; der Ort hat etwa 80 Einwohner. Adresse f\u00fcr&#8217;s Navi: An der Kirche 17, 14947 Lieb\u00e4tz. Gr\u00f6\u00dfere Karte anzeigen","og_url":"https:\/\/www.mein-hundehof.de\/index.php\/lage\/","og_site_name":"Hunde-Hof Wald &amp; Wiese","article_publisher":"https:\/\/www.facebook.com\/Hundehof14947\/","article_modified_time":"2019-06-11T09:25:07+00:00","og_image":[{"url":"https:\/\/www.mein-hundehof.de\/wp-content\/uploads\/2017\/02\/Eispanorama2-300x117.jpg","type":"","width":"","height":""}],"twitter_card":"summary_large_image","schema":{"@context":"https:\/\/schema.org","@graph":[{"@type":"WebPage","@id":"https:\/\/www.mein-hundehof.de\/index.php\/lage\/","url":"https:\/\/www.mein-hundehof.de\/index.php\/lage\/","name":"Lage - Hunde-Hof Wald &amp; Wiese","isPartOf":{"@id":"https:\/\/www.mein-hundehof.de\/#website"},"primaryImageOfPage":{"@id":"https:\/\/www.mein-hundehof.de\/index.php\/lage\/#primaryimage"},"image":{"@id":"https:\/\/www.mein-hundehof.de\/index.php\/lage\/#primaryimage"},"thumbnailUrl":"https:\/\/www.mein-hundehof.de\/wp-content\/uploads\/2017\/02\/Eispanorama2-300x117.jpg","datePublished":"2016-03-24T18:22:53+00:00","dateModified":"2019-06-11T09:25:07+00:00","breadcrumb":{"@id":"https:\/\/www.mein-hundehof.de\/index.php\/lage\/#breadcrumb"},"inLanguage":"de","potentialAction":[{"@type":"ReadAction","target":["https:\/\/www.mein-hundehof.de\/index.php\/lage\/"]}]},{"@type":"ImageObject","inLanguage":"de","@id":"https:\/\/www.mein-hundehof.de\/index.php\/lage\/#primaryimage","url":"https:\/\/www.mein-hundehof.de\/wp-content\/uploads\/2017\/02\/Eispanorama2.jpg","contentUrl":"https:\/\/www.mein-hundehof.de\/wp-content\/uploads\/2017\/02\/Eispanorama2.jpg","width":2400,"height":932},{"@type":"BreadcrumbList","@id":"https:\/\/www.mein-hundehof.de\/index.php\/lage\/#breadcrumb","itemListElement":[{"@type":"ListItem","position":1,"name":"Startseite","item":"https:\/\/www.mein-hundehof.de\/"},{"@type":"ListItem","position":2,"name":"Lage"}]},{"@type":"WebSite","@id":"https:\/\/www.mein-hundehof.de\/#website","url":"https:\/\/www.mein-hundehof.de\/","name":"Hunde-Hof Wald &amp; Wiese","description":"Ihre Hundepension im s\u00fcdlichen Umland von Berlin","publisher":{"@id":"https:\/\/www.mein-hundehof.de\/#organization"},"potentialAction":[{"@type":"SearchAction","target":{"@type":"EntryPoint","urlTemplate":"https:\/\/www.mein-hundehof.de\/?s={search_term_string}"},"query-input":{"@type":"PropertyValueSpecification","valueRequired":true,"valueName":"search_term_string"}}],"inLanguage":"de"},{"@type":"Organization","@id":"https:\/\/www.mein-hundehof.de\/#organization","name":"Hundehof Wald & Wiese","url":"https:\/\/www.mein-hundehof.de\/","logo":{"@type":"ImageObject","inLanguage":"de","@id":"https:\/\/www.mein-hundehof.de\/#\/schema\/logo\/image\/","url":"https:\/\/www.mein-hundehof.de\/wp-content\/uploads\/2016\/08\/Logo-300.jpg","contentUrl":"https:\/\/www.mein-hundehof.de\/wp-content\/uploads\/2016\/08\/Logo-300.jpg","width":299,"height":271,"caption":"Hundehof Wald & Wiese"},"image":{"@id":"https:\/\/www.mein-hundehof.de\/#\/schema\/logo\/image\/"},"sameAs":["https:\/\/www.facebook.com\/Hundehof14947\/"]}]}},"_links":{"self":[{"href":"https:\/\/www.mein-hundehof.de\/index.php\/wp-json\/wp\/v2\/pages\/82","targetHints":{"allow":["GET"]}}],"collection":[{"href":"https:\/\/www.mein-hundehof.de\/index.php\/wp-json\/wp\/v2\/pages"}],"about":[{"href":"https:\/\/www.mein-hundehof.de\/index.php\/wp-json\/wp\/v2\/types\/page"}],"author":[{"embeddable":true,"href":"https:\/\/www.mein-hundehof.de\/index.php\/wp-json\/wp\/v2\/users\/1"}],"replies":[{"embeddable":true,"href":"https:\/\/www.mein-hundehof.de\/index.php\/wp-json\/wp\/v2\/comments?post=82"}],"version-history":[{"count":7,"href":"https:\/\/www.mein-hundehof.de\/index.php\/wp-json\/wp\/v2\/pages\/82\/revisions"}],"predecessor-version":[{"id":419,"href":"https:\/\/www.mein-hundehof.de\/index.php\/wp-json\/wp\/v2\/pages\/82\/revisions\/419"}],"wp:attachment":[{"href":"https:\/\/www.mein-hundehof.de\/index.php\/wp-json\/wp\/v2\/media?parent=82"}],"curies":[{"name":"wp","href":"https:\/\/api.w.org\/{rel}","templated":true}]}}